{"id":8,"date":"2026-02-25T23:50:46","date_gmt":"2026-02-25T20:50:46","guid":{"rendered":"https:\/\/documents.am\/es\/poder-notarial-armenia\/"},"modified":"2026-02-25T23:50:46","modified_gmt":"2026-02-25T20:50:46","slug":"poder-notarial-armenia","status":"publish","type":"page","link":"https:\/\/documents.am\/es\/poder-notarial-armenia\/","title":{"rendered":"Poder notarial Armenia"},"content":{"rendered":"<p><script type=\"application\/ld+json\">\n{\n  \"@context\": \"https:\/\/schema.org\",\n  \"@type\": \"Article\",\n  \"headline\": \"Poder Notarial en Armenia\",\n  \"description\": \"El poder notarial en Armenia es un documento legal que permite a una persona (el poderdante) autorizar a otra persona (el apoderado) para que act\u00fae en su nombre en diversos asuntos legales y comerciales.\",\n  \"author\": {\n    \"@type\": \"Organization\",\n    \"name\": \"Su empresa o sitio web\"\n  },\n  \"datePublished\": \"2024-08-05\",\n  \"mainEntity\": [\n    {\n      \"@type\": \"Question\",\n      \"name\": \"\u00bfQu\u00e9 es un poder notarial?\",\n      \"acceptedAnswer\": {\n        \"@type\": \"Answer\",\n        \"text\": \"Un poder notarial es un documento escrito que otorga al apoderado el derecho a actuar en nombre del poderdante en determinados asuntos legales o comerciales.\"\n      }\n    },\n    {\n      \"@type\": \"Question\",\n      \"name\": \"\u00bfQu\u00e9 tipos de poderes notariales existen en Armenia?\",\n      \"acceptedAnswer\": {\n        \"@type\": \"Answer\",\n        \"text\": \"Los principales tipos de poderes notariales en Armenia son: 1. Poder general: otorga al apoderado amplias facultades para realizar diversas acciones en nombre del poderdante. 2. Poder especial: se limita a acciones o tareas espec\u00edficas que el apoderado puede realizar en nombre del poderdante. 3. Poder notarial: un poder que es certificado por un notario, lo que le otorga fuerza legal adicional y se utiliza para acciones particularmente importantes y significativas.\"\n      }\n    },\n    {\n      \"@type\": \"Question\",\n      \"name\": \"\u00bfPara qu\u00e9 sirve un poder notarial?\",\n      \"acceptedAnswer\": {\n        \"@type\": \"Answer\",\n        \"text\": \"El poder notarial es necesario para: 1. Venta y compra de bienes inmuebles. 2. Gesti\u00f3n de cuentas bancarias. 3. Representaci\u00f3n en tribunales e instituciones gubernamentales. 4. Celebraci\u00f3n de contratos y transacciones. 5. Obtenci\u00f3n de documentos.\"\n      }\n    },\n    {\n      \"@type\": \"Question\",\n      \"name\": \"\u00bfCu\u00e1l es la vigencia de un poder notarial?\",\n      \"acceptedAnswer\": {\n        \"@type\": \"Answer\",\n        \"text\": \"La vigencia del poder notarial la establece el propio poderdante y se especifica en el documento. En Armenia no hay plazos estrictamente establecidos para los poderes notariales, y pueden variar seg\u00fan la necesidad. Si no se especifica la vigencia del poder notarial, se considera v\u00e1lido por un a\u00f1o. El poder notarial puede ser revocado por el poderdante en cualquier momento, debiendo notificarlo al apoderado y a todas las partes interesadas.\"\n      }\n    }\n  ]\n}\n<\/script><\/p>\n<article>\n<header>\n<h1>\u00a0<\/h1>\n<\/header>\n<section>\n<p><strong>El poder notarial en Armenia<\/strong> es un documento legal que permite a una persona (el poderdante) autorizar a otra persona (el apoderado) para que act\u00fae en su nombre en diversos asuntos legales y comerciales. Este documento tiene una amplia aplicaci\u00f3n y se utiliza en diversas situaciones de la vida, como la gesti\u00f3n de propiedades, operaciones bancarias, representaci\u00f3n en tribunales y mucho m\u00e1s.<\/p>\n<h2>Definici\u00f3n de Poder Notarial<\/h2>\n<p><time datetime=\"2024-08-05\">El poder notarial<\/time> es un documento escrito que otorga al apoderado el derecho a actuar en nombre del poderdante en determinados asuntos legales o comerciales.<\/p>\n<h2>Principales Tipos de Poderes Notariales en Armenia<\/h2>\n<ul>\n<li><strong>Poder general<\/strong>: otorga al apoderado amplias facultades para realizar diversas acciones en nombre del poderdante.<\/li>\n<li><strong>Poder especial<\/strong>: se limita a acciones o tareas espec\u00edficas que el apoderado puede realizar en nombre del poderdante.<\/li>\n<li><strong>Poder notarial<\/strong>: un poder que es certificado por un notario, lo que le otorga fuerza legal adicional y se utiliza para acciones particularmente importantes y significativas.<\/li>\n<\/ul>\n<h2>Para qu\u00e9 sirve un poder notarial<\/h2>\n<ul>\n<li><strong>Venta y compra de bienes inmuebles<\/strong>: el apoderado puede representar los intereses del poderdante en la celebraci\u00f3n de transacciones inmobiliarias.<\/li>\n<li><strong>Gesti\u00f3n de cuentas bancarias<\/strong>: el apoderado puede realizar operaciones bancarias en nombre del poderdante.<\/li>\n<li><strong>Representaci\u00f3n en tribunales e instituciones gubernamentales<\/strong>: el apoderado puede representar al poderdante en procedimientos judiciales y ante organismos gubernamentales.<\/li>\n<li><strong>Celebraci\u00f3n de contratos y transacciones<\/strong>: el apoderado puede celebrar diversos contratos y transacciones en nombre del poderdante.<\/li>\n<li><strong>Obtenci\u00f3n de documentos<\/strong>: el apoderado puede obtener documentos importantes, como certificados, testimonios, etc.<\/li>\n<\/ul>\n<h2>Vigencia del poder notarial<\/h2>\n<p>La vigencia del poder notarial la establece el propio poderdante y se especifica en el documento. En Armenia no hay plazos estrictamente establecidos para los poderes notariales, y pueden variar seg\u00fan la necesidad:<\/p>\n<ul>\n<li><strong>Poderes notariales a corto plazo<\/strong>: pueden emitirse por unos d\u00edas o meses para realizar tareas espec\u00edficas.<\/li>\n<li><strong>Poderes notariales a largo plazo<\/strong>: pueden emitirse por un a\u00f1o o un per\u00edodo m\u00e1s largo, seg\u00fan sea necesario.<\/li>\n<\/ul>\n<p>Si no se especifica la vigencia del poder notarial, se considera v\u00e1lido por un a\u00f1o. El poder notarial puede ser revocado por el poderdante en cualquier momento, debiendo notificarlo al apoderado y a todas las partes interesadas.<\/p>\n<\/section>\n<\/article>\n","protected":false},"excerpt":{"rendered":"<p>\u00a0 El poder notarial en Armenia es un documento legal que permite a una persona (el poderdante) autorizar a otra persona (el apoderado) para que act\u00fae en su nombre en diversos asuntos legales y comerciales. Este documento tiene una amplia aplicaci\u00f3n y se utiliza en diversas situaciones de la vida, como la gesti\u00f3n de propiedades, &#8230; <a title=\"Poder notarial Armenia\" class=\"read-more\" href=\"https:\/\/documents.am\/es\/poder-notarial-armenia\/\" aria-label=\"Leer m\u00e1s sobre Poder notarial Armenia\">Leer m\u00e1s<\/a><\/p>\n","protected":false},"author":1,"featured_media":0,"parent":0,"menu_order":0,"comment_status":"closed","ping_status":"closed","template":"","meta":{"_acf_changed":false,"footnotes":""},"yst_prominent_words":[],"class_list":["post-8","page","type-page","status-publish"],"acf":[],"_links":{"self":[{"href":"https:\/\/documents.am\/es\/wp-json\/wp\/v2\/pages\/8","targetHints":{"allow":["GET"]}}],"collection":[{"href":"https:\/\/documents.am\/es\/wp-json\/wp\/v2\/pages"}],"about":[{"href":"https:\/\/documents.am\/es\/wp-json\/wp\/v2\/types\/page"}],"author":[{"embeddable":true,"href":"https:\/\/documents.am\/es\/wp-json\/wp\/v2\/users\/1"}],"replies":[{"embeddable":true,"href":"https:\/\/documents.am\/es\/wp-json\/wp\/v2\/comments?post=8"}],"version-history":[{"count":0,"href":"https:\/\/documents.am\/es\/wp-json\/wp\/v2\/pages\/8\/revisions"}],"wp:attachment":[{"href":"https:\/\/documents.am\/es\/wp-json\/wp\/v2\/media?parent=8"}],"wp:term":[{"taxonomy":"yst_prominent_words","embeddable":true,"href":"https:\/\/documents.am\/es\/wp-json\/wp\/v2\/yst_prominent_words?post=8"}],"curies":[{"name":"wp","href":"https:\/\/api.w.org\/{rel}","templated":true}]}}