{"id":7,"date":"2026-02-25T23:48:56","date_gmt":"2026-02-25T20:48:56","guid":{"rendered":"https:\/\/documents.am\/es\/apostilla-armenia-erevan\/"},"modified":"2026-02-25T23:48:56","modified_gmt":"2026-02-25T20:48:56","slug":"apostilla-armenia-erevan","status":"publish","type":"page","link":"https:\/\/documents.am\/es\/apostilla-armenia-erevan\/","title":{"rendered":"Apostilla Armenia, Erev\u00e1n"},"content":{"rendered":"<p><script type=\"application\/ld+json\">\n{\n  \"@context\": \"https:\/\/schema.org\",\n  \"@type\": \"Article\",\n  \"headline\": \"\u00bfQu\u00e9 es un Apostilla?\",\n  \"description\": \"El apostilla es una forma simplificada de legalizaci\u00f3n de documentos que se aplica a los estados miembros que han ratificado el Convenio de La Haya del 5 de octubre de 1961 sobre la legalizaci\u00f3n simplificada de documentos.\",\n  \"author\": {\n    \"@type\": \"Organization\",\n    \"name\": \"Su empresa o sitio web\"\n  },\n  \"datePublished\": \"2023-10-01\",\n  \"image\": \"https:\/\/documents.am\/wp-content\/uploads\/2019\/04\/Apostille-Apostili-Armenia-Erevan-Stamp.jpg\",\n  \"mainEntity\": [\n    {\n      \"@type\": \"Question\",\n      \"name\": \"\u00bfQu\u00e9 es un Apostilla?\",\n      \"acceptedAnswer\": {\n        \"@type\": \"Answer\",\n        \"text\": \"El apostilla es una forma simplificada de legalizaci\u00f3n de documentos que se aplica a los estados miembros que han ratificado el Convenio de La Haya del 5 de octubre de 1961 sobre la legalizaci\u00f3n simplificada de documentos. Armenia es un estado miembro del Convenio de La Haya desde 1993. En muchos pa\u00edses, el apostilla es un sello especial. En Armenia, es un papel especial con la inscripci\u00f3n APOSTILLE (CONVENTION DE LA HAYE DU 5 OCTOBRE 1961), que se fija con grapas al documento original o a una copia certificada por notario y se sella con el sello del Ministerio de Justicia. Antes, el apostilla en Armenia se emit\u00eda en dos idiomas: armenio e ingl\u00e9s. A partir del 22 de julio de 2017, se empez\u00f3 a hacer solo en ingl\u00e9s. En ruso es correcto decir \\\"\u0410\u043f\u043e\u0441\u0442\u0438\u043b\u044c\\\" (pero no \\\"\u0410\u043f\u043e\u0441\u0442\u0438\u043b\\\" o \\\"\u0410\u043f\u043e\u0441\u0442\u0438\u043b\u0435\\\") y \\\"\u0413\u0430\u0430\u0433\u0441\u043a\u0430\u044f \u043a\u043e\u043d\u0432\u0435\u043d\u0446\u0438\u044f \u043e\u0431 \u0410\u043f\u043e\u0441\u0442\u0438\u043b\u0435\\\" del 5 de octubre de 1961.\"\n      }\n    },\n    {\n      \"@type\": \"Question\",\n      \"name\": \"\u00bfQu\u00e9 tipos de apostillas existen?\",\n      \"acceptedAnswer\": {\n        \"@type\": \"Answer\",\n        \"text\": \"Existen tres tipos de apostillas: 1. Papel con la inscripci\u00f3n APOSTILLE seg\u00fan el modelo establecido por el Convenio de La Haya. Este papel se grapa al documento o se fija con clips al propio documento y se certifica con sello y firma de la persona responsable. Este tipo de apostilla se utiliza tambi\u00e9n en Armenia. 2. Sello o estampilla APOSTILLE con impresi\u00f3n h\u00fameda. Este tipo de apostilla se utiliza en la mayor\u00eda de los pa\u00edses de la CEI. 3. Apostilla electr\u00f3nica. Esta apostilla genera muchas dudas y preguntas innecesarias. El caso es que la pr\u00e1ctica de sellar documentos con apostilla no dio los resultados esperados. Hubo demasiadas falsificaciones. Por eso, en algunos pa\u00edses se decidi\u00f3 introducir un registro electr\u00f3nico de apostillas. Por ejemplo, en la Rep\u00fablica de Moldavia, en el sitio web del Ministerio de Justicia de Moldavia, se puede verificar la autenticidad de una apostilla y ver su copia escaneada. Esta forma de apostilla pronto se extender\u00e1 por todo el mundo, ya que garantiza la transparencia y legalidad del procedimiento y permite identificar r\u00e1pidamente tanto la apostilla como el documento.\"\n      }\n    },\n    {\n      \"@type\": \"Question\",\n      \"name\": \"\u00bfPara qu\u00e9 sirve un apostilla?\",\n      \"acceptedAnswer\": {\n        \"@type\": \"Answer\",\n        \"text\": \"El apostilla confirma la autenticidad de la firma del funcionario o empleado que firm\u00f3 el documento. El apostilla no confirma de ninguna manera el contenido del documento. El contenido del documento es responsabilidad del funcionario cuya firma est\u00e1 certificada por el apostilla. A su vez, el apostilla lo firma otro funcionario. El apostilla tambi\u00e9n confirma la autenticidad del sello en el documento. Antes de la aparici\u00f3n del Convenio del Apostilla, los documentos ten\u00edan que pasar por un complejo procedimiento de legalizaci\u00f3n. Este mismo procedimiento se mantiene para los documentos de aquellos pa\u00edses que no son miembros del Convenio del Apostilla.\"\n      }\n    },\n    {\n      \"@type\": \"Question\",\n      \"name\": \"\u00bfEn qu\u00e9 documentos se coloca el apostilla?\",\n      \"acceptedAnswer\": {\n        \"@type\": \"Answer\",\n        \"text\": \"El Ministerio de Justicia de la Rep\u00fablica de Armenia aplica el apostilla a los siguientes documentos: 1. documentos o copias de documentos, en traducciones ling\u00fc\u00edsticas, certificados por notario, en certificados y constancias emitidos por notario (ley \\\"Sobre Notariado\\\"), 2. en certificados de nacimiento, defunci\u00f3n, matrimonio, emitidos por las oficinas del registro civil de Armenia, 3. en documentos emitidos por el servicio de ejecuci\u00f3n de sentencias judiciales, 4. documentos emitidos por instancias judiciales (sentencia judicial, copia de sentencia judicial y otros documentos), 5. documentos de otros \u00f3rganos y organizaciones, si la autenticidad de la firma puesta en ellos es certificada por notario.\"\n      }\n    },\n    {\n      \"@type\": \"Question\",\n      \"name\": \"\u00bfPara qu\u00e9 pa\u00edses se aplica (se necesita) el apostilla?\",\n      \"acceptedAnswer\": {\n        \"@type\": \"Answer\",\n        \"text\": \"Puede encontrar la lista completa de pa\u00edses que forman parte del Convenio del Apostilla en este enlace \u00e0 Sin embargo, tenga en cuenta que si los pa\u00edses firmaron el convenio del apostilla, no significa que en cada caso se aplique el apostilla. Tambi\u00e9n existen pa\u00edses que forman parte del apostilla, pero que han firmado acuerdos bilaterales adicionales para simplificar el reconocimiento de ciertos documentos. Si los pa\u00edses que firmaron el Convenio del Apostilla firmaron entre s\u00ed un Acuerdo sobre el procedimiento de reconocimiento simplificado de documentos, entonces el requisito de apostilla en uno de estos pa\u00edses es ilegal. Aunque los funcionarios de estos pa\u00edses a veces exigen el Apostilla. Tambi\u00e9n hay excepciones, cuando un pa\u00eds no reconoce el apostilla de otro pa\u00eds. As\u00ed, seg\u00fan materiales de Wikipedia, el apostilla armenio no es reconocido en Kosovo. Y viceversa, el apostilla de Kosovo no es reconocido en Armenia. El apostilla no se coloca en documentos destinados a ser presentados en pa\u00edses de la CEI. Independientemente de qu\u00e9 \u00f3rgano sea, su subdivisi\u00f3n, qu\u00e9 departamento o ministerio. Y tambi\u00e9n de qu\u00e9 regi\u00f3n, provincia, ciudad o distrito se trate. Los pa\u00edses de la CEI firmaron el Convenio de Minsk \\\"Sobre Asistencia Jur\u00eddica y Relaciones Jur\u00eddicas en Materia Civil, Familiar y Penal\\\" del 22 de enero de 1993. La Rep\u00fablica de Armenia tiene acuerdos de reconocimiento de documentos con pa\u00edses: Bulgaria, Lituania y una serie de otros pa\u00edses previstos en los tratados internacionales de la Rep\u00fablica de Armenia. Si un estado no es miembro del Convenio de La Haya y no se ha firmado el correspondiente acuerdo interestatal, se realiza la legalizaci\u00f3n consular de documentos.\"\n      }\n    },\n    {\n      \"@type\": \"Question\",\n      \"name\": \"\u00bfD\u00f3nde se puede colocar (obtener) un apostilla?\",\n      \"acceptedAnswer\": {\n        \"@type\": \"Answer\",\n        \"text\": \"Se puede colocar (obtener) el apostilla en documentos en la Agencia de Registro del Estado Civil del Ministerio de Justicia de la Rep\u00fablica de Armenia. Si no tiene la posibilidad o el deseo de acudir personalmente al Ministerio de Justicia de Armenia, puede contactar a nuestra empresa. Nuestra empresa ofrece servicios de apostilla (reconocimiento) de documentos del nuevo modelo aprobado en Armenia.\"\n      }\n    },\n    {\n      \"@type\": \"Question\",\n      \"name\": \"\u00bfQu\u00e9 documentos se necesitan para el apostilla?\",\n      \"acceptedAnswer\": {\n        \"@type\": \"Answer\",\n        \"text\": \"Para el apostilla en el Ministerio se requiere: 1. solicitud, nombre completo, domicilio, n\u00famero de tel\u00e9fono, nombre de los documentos entregados para apostilla; 2. el documento en s\u00ed; 3. fotocopia o copia del documento proporcionado para apostilla; 4. recibo del pago de la tasa estatal.\"\n      }\n    },\n    {\n      \"@type\": \"Question\",\n      \"name\": \"Plazo para colocar el apostilla\",\n      \"acceptedAnswer\": {\n        \"@type\": \"Answer\",\n        \"text\": \"En el plazo est\u00e1ndar, el Apostilla se coloca en un plazo de dos d\u00edas h\u00e1biles a partir de la presentaci\u00f3n de la solicitud y del documento mismo. Si se desea y se paga por urgencia, en un d\u00eda h\u00e1bil. En caso de dudas sobre la autenticidad de alg\u00fan documento, el plazo puede ampliarse hasta quince d\u00edas h\u00e1biles. En este caso, en el plazo de un d\u00eda se emite una respuesta por escrito sobre la ampliaci\u00f3n del plazo. En la respuesta se indica la raz\u00f3n de la ampliaci\u00f3n del plazo para colocar el apostilla con la firma de la persona responsable.\"\n      }\n    },\n    {\n      \"@type\": \"Question\",\n      \"name\": \"\u00bfC\u00f3mo verificar un Apostilla?\",\n      \"acceptedAnswer\": {\n        \"@type\": \"Answer\",\n        \"text\": \"Actualmente existe un recurso especial donde se puede verificar la validez de un apostilla. El sitio es el Registro Electr\u00f3nico de Apostillas del Ministerio de Justicia de la Rep\u00fablica de Armenia. Se puede verificar en ruso introduciendo el c\u00f3digo de 16 d\u00edgitos indicado en la parte inferior derecha del apostilla, cerca del sello. La direcci\u00f3n del sitio en ruso es https:\/\/www.e-apostille.am\/ru\/?tnum=0043-05--. Tambi\u00e9n puede hacer una fotocopia del documento apostillado y enviar una solicitud al Ministerio de Justicia de la Rep\u00fablica de Armenia indicando su direcci\u00f3n de respuesta en la solicitud. Sin embargo, esto llevar\u00e1 m\u00e1s tiempo.\"\n      }\n    },\n    {\n      \"@type\": \"Question\",\n      \"name\": \"\u00bfCu\u00e1ndo se puede denegar un apostilla?\",\n      \"acceptedAnswer\": {\n        \"@type\": \"Answer\",\n        \"text\": \"Se puede denegar la colocaci\u00f3n de un apostilla en un documento si: - el documento no cumple con los requisitos de la Legislaci\u00f3n de Armenia - el documento se presenta incumpliendo los requisitos establecidos por el Ministerio de Justicia - el documento se presenta para apostilla para un pa\u00eds que no se ha adherido al Convenio de La Haya - el documento se presenta para apostilla para un pa\u00eds que ha firmado un acuerdo bilateral sobre el procedimiento simplificado de reconocimiento de documentos con la Rep\u00fablica de Armenia - en el documento proporcionado hay correcciones, cambios o errores no confirmados legalmente. El rechazo del documento por los motivos indicados se realiza en el plazo de un d\u00eda desde su presentaci\u00f3n en el Ministerio. La denegaci\u00f3n del apostilla debe ser por escrito. En la denegaci\u00f3n se indican las causas legales del rechazo. En caso de rechazo de la solicitud de colocaci\u00f3n del apostilla, junto con la denegaci\u00f3n se devuelve tanto el documento como el recibo del pago de la tasa estatal.\"\n      }\n    },\n    {\n      \"@type\": \"Question\",\n      \"name\": \"Qu\u00e9 hacer si un pa\u00eds (sus funcionarios) exige apostilla cuando ese pa\u00eds no forma parte del Convenio del Apostilla, y en otros casos cuando no se requiere legalizaci\u00f3n o apostilla\",\n      \"acceptedAnswer\": {\n        \"@type\": \"Answer\",\n        \"text\": \"En primer lugar, en este caso la responsabilidad de tal exigencia recae en el funcionario que solicit\u00f3 el Apostilla. Hay una salida: simplemente indicar en la solicitud de Apostilla un pa\u00eds que forme parte del Apostilla. Sin embargo, tenga en cuenta que crear\u00e1 un precedente por el cual, despu\u00e9s de su caso, los funcionarios seguir\u00e1n exigiendo el Apostilla, citando los documentos que usted ya proporcion\u00f3 de Armenia con apostilla. Y otros ciudadanos de Armenia tambi\u00e9n tendr\u00e1n que enfrentarse a este problema. En segundo lugar, tiene derecho a exigir la orden por escrito del funcionario que solicit\u00f3 ilegalmente el Apostilla y pedirle que se ponga en contacto con el consulado m\u00e1s cercano de la Rep\u00fablica de Armenia para aclarar las circunstancias.\"\n      }\n    }\n  ]\n}\n<\/script><\/p>\n<h2 class=\"wp-block-heading\">\u00bfQu\u00e9 es un Apostilla?<\/h2>\n<p>El apostilla es una forma simplificada de legalizaci\u00f3n de documentos,<br \/>\nque se aplica a los estados miembros que han ratificado el Convenio de La Haya<br \/>\ndel 5 de octubre de 1961 sobre la legalizaci\u00f3n simplificada de documentos. Armenia<br \/>\nes un estado miembro del Convenio de La Haya desde 1993.<\/p>\n<p>En muchos pa\u00edses, el apostilla es un sello especial. En<br \/>\nArmenia, es un papel especial con la inscripci\u00f3n APOSTILLE (CONVENTION DE LA HAYE DU<br \/>\n5 OCTOBRE 1961), que se fija con grapas al original o a una copia certificada<br \/>\npor notario del documento y se sella con el sello del Ministerio de Justicia. <\/p>\n<p>Antes, el apostilla en Armenia se emit\u00eda en dos idiomas: armenio e ingl\u00e9s. A partir del 22 de julio de 2017, se empez\u00f3 a hacer solo en ingl\u00e9s. En ruso es correcto decir \u00ab\u0410\u043f\u043e\u0441\u0442\u0438\u043b\u044c\u00bb (pero no \u00ab\u0410\u043f\u043e\u0441\u0442\u0438\u043b\u00bb o \u00ab\u0410\u043f\u043e\u0441\u0442\u0438\u043b\u0435\u00bb) y \u00ab\u0413\u0430\u0430\u0433\u0441\u043a\u0430\u044f \u043a\u043e\u043d\u0432\u0435\u043d\u0446\u0438\u044f \u043e\u0431 \u0410\u043f\u043e\u0441\u0442\u0438\u043b\u0435\u00bb del 5 de octubre de 1961.<\/p>\n<p>Y aunque en el sitio web oficial del Ministerio de Justicia de Armenia<br \/>\nest\u00e1 escrito \u00ab\u041c\u0435\u0436\u0434\u0443\u043d\u0430\u0440\u043e\u0434\u043d\u0430\u044f \u043b\u0435\u0433\u0430\u043b\u0438\u0437\u0430\u0446\u0438\u044f \u0434\u043e\u043a\u0443\u043c\u0435\u043d\u0442\u043e\u0432 (\u0430\u043f\u043e\u0441\u0442\u0438\u043b\u044c)\u00bb \u2014 esto es<br \/>\nun error. Dado que el Apostilla y la legalizaci\u00f3n son procesos algo diferentes. Sobre el procedimiento<br \/>\nde \u00abLegalizaci\u00f3n de documentos\u00bb lea aqu\u00ed \u2014 &gt;&gt;&gt;<\/p>\n<h3 class=\"wp-block-heading\">\u00bfQu\u00e9 tipos de apostillas existen?<\/h3>\n<p>Este p\u00e1rrafo ser\u00e1 muy \u00fatil para los funcionarios estatales<br \/>\narmenios. <\/p>\n<p><em>Existen tres tipos de apostillas:<\/em><\/p>\n<p>1. Papel con la inscripci\u00f3n APOSTILLE seg\u00fan el modelo establecido por el Convenio de La Haya. Este papel se grapa al documento o se fija con clips al propio documento y se certifica con sello y firma de la persona responsable. Este tipo de apostilla se utiliza tambi\u00e9n en Armenia.<\/p>\n<p> 2. Sello o estampilla APOSTILLE con impresi\u00f3n h\u00fameda. Este tipo de apostilla se utiliza en la mayor\u00eda de los pa\u00edses de la CEI. <\/p>\n<p>3. Apostilla electr\u00f3nica. Esta apostilla genera muchas dudas y preguntas innecesarias. El caso es que la pr\u00e1ctica de sellar documentos con apostilla no dio los resultados esperados. Hubo demasiadas falsificaciones. Por eso, en algunos pa\u00edses se decidi\u00f3 introducir un registro electr\u00f3nico de apostillas. Por ejemplo, en la Rep\u00fablica de Moldavia, en el sitio web del Ministerio de Justicia de Moldavia, se puede verificar la autenticidad de una apostilla y ver su copia escaneada.<br \/> Esta forma de apostilla pronto se extender\u00e1 por todo el mundo, ya que garantiza la transparencia y legalidad del procedimiento y permite identificar r\u00e1pidamente tanto la apostilla como el documento.<\/p>\n<figure class=\"wp-block-image\"><img alt=\"Apostilla de Armenia. Sello del Ministerio de Justicia de Armenia\" class=\"wp-image-23\" decoding=\"async\" src=\"https:\/\/documents.am\/wp-content\/uploads\/2019\/04\/Apostille-Apostili-Armenia-Erevan-Stamp.jpg\"\/><figcaption class=\"wp-element-caption\">Apostilla Armenia. <br \/>Este Apostilla fue colocado para un Certificado <br \/>de nacimiento del nuevo modelo de Armenia en 2019<\/figcaption><\/figure>\n<h3 class=\"wp-block-heading\">\u00bfPara qu\u00e9 sirve un apostilla?<\/h3>\n<p>El apostilla confirma la autenticidad de la firma del funcionario o<br \/>\nempleado que firm\u00f3 el documento. El apostilla no confirma de ninguna manera el contenido<br \/>\ndel documento. El contenido del documento es responsabilidad del funcionario cuya firma<br \/>\nest\u00e1 certificada por el apostilla. A su vez, el apostilla lo firma otro funcionario.<br \/>\nEl apostilla tambi\u00e9n confirma la autenticidad del sello en el documento.<\/p>\n<p>Antes de la aparici\u00f3n del Convenio del Apostilla, los documentos ten\u00edan que<br \/>\npasar por un complejo procedimiento de legalizaci\u00f3n. Este mismo procedimiento se mantiene para<br \/>\nlos documentos de aquellos pa\u00edses que no son miembros del Convenio del Apostilla. <\/p>\n<h3 class=\"wp-block-heading\">\u00bfEn qu\u00e9 documentos se coloca el apostilla?<\/h3>\n<p>El Ministerio de Justicia de la Rep\u00fablica de Armenia aplica el apostilla a<br \/>\nlos siguientes documentos:<\/p>\n<p>1. documentos o copias de documentos, en traducciones ling\u00fc\u00edsticas, \u2014<br \/>\ncertificados por notario, en certificados y constancias emitidos por notario (ley<br \/>\n\u00abSobre Notariado\u00bb),<\/p>\n<p>2. en certificados de nacimiento, defunci\u00f3n, matrimonio,<br \/>\nemitidos por las oficinas del registro civil de Armenia,<\/p>\n<p>3. en documentos emitidos por el servicio de ejecuci\u00f3n de<br \/>\nsentencias judiciales,<\/p>\n<p>4. documentos emitidos por instancias judiciales (sentencia<br \/>\njudicial, copia de sentencia judicial y otros documentos),<\/p>\n<p>5. documentos de otros \u00f3rganos y organizaciones, si la<br \/>\nautenticidad de la firma puesta en ellos es certificada por notario.<\/p>\n<p>&lt;h3 class=\u00bbwp-block-head<\/p>\n","protected":false},"excerpt":{"rendered":"<p>\u00bfQu\u00e9 es un Apostilla? El apostilla es una forma simplificada de legalizaci\u00f3n de documentos, que se aplica a los estados miembros que han ratificado el Convenio de La Haya del 5 de octubre de 1961 sobre la legalizaci\u00f3n simplificada de documentos. Armenia es un estado miembro del Convenio de La Haya desde 1993. En muchos &#8230; <a title=\"Apostilla Armenia, Erev\u00e1n\" class=\"read-more\" href=\"https:\/\/documents.am\/es\/apostilla-armenia-erevan\/\" aria-label=\"Leer m\u00e1s sobre Apostilla Armenia, Erev\u00e1n\">Leer m\u00e1s<\/a><\/p>\n","protected":false},"author":1,"featured_media":0,"parent":0,"menu_order":0,"comment_status":"closed","ping_status":"closed","template":"","meta":{"_acf_changed":false,"footnotes":""},"yst_prominent_words":[],"class_list":["post-7","page","type-page","status-publish"],"acf":[],"_links":{"self":[{"href":"https:\/\/documents.am\/es\/wp-json\/wp\/v2\/pages\/7","targetHints":{"allow":["GET"]}}],"collection":[{"href":"https:\/\/documents.am\/es\/wp-json\/wp\/v2\/pages"}],"about":[{"href":"https:\/\/documents.am\/es\/wp-json\/wp\/v2\/types\/page"}],"author":[{"embeddable":true,"href":"https:\/\/documents.am\/es\/wp-json\/wp\/v2\/users\/1"}],"replies":[{"embeddable":true,"href":"https:\/\/documents.am\/es\/wp-json\/wp\/v2\/comments?post=7"}],"version-history":[{"count":0,"href":"https:\/\/documents.am\/es\/wp-json\/wp\/v2\/pages\/7\/revisions"}],"wp:attachment":[{"href":"https:\/\/documents.am\/es\/wp-json\/wp\/v2\/media?parent=7"}],"wp:term":[{"taxonomy":"yst_prominent_words","embeddable":true,"href":"https:\/\/documents.am\/es\/wp-json\/wp\/v2\/yst_prominent_words?post=7"}],"curies":[{"name":"wp","href":"https:\/\/api.w.org\/{rel}","templated":true}]}}