{"id":6,"date":"2026-02-25T23:46:23","date_gmt":"2026-02-25T20:46:23","guid":{"rendered":"https:\/\/documents.am\/es\/direcciones-y-telefonos-de-las-oficinas-del-registro-civil-en-armenia\/"},"modified":"2026-02-25T23:46:23","modified_gmt":"2026-02-25T20:46:23","slug":"direcciones-y-telefonos-de-las-oficinas-del-registro-civil-en-armenia","status":"publish","type":"page","link":"https:\/\/documents.am\/es\/direcciones-y-telefonos-de-las-oficinas-del-registro-civil-en-armenia\/","title":{"rendered":"Direcciones y tel\u00e9fonos de las oficinas del registro civil en Armenia"},"content":{"rendered":"<figure class=\"wp-block-table is-style-stripes\">\n<table class=\"has-fixed-layout\">\n<tbody>\n<tr>\n<th>\u2116<\/th>\n<th>Nombre del organismo<\/th>\n<th>Direcci\u00f3n<\/th>\n<th>Tel\u00e9fono<\/th>\n<\/tr>\n<tr>\n<td>1<\/td>\n<td>Archivo Republicano de la Agencia de Registro Civil del Ministerio de Justicia de la RA<\/td>\n<td>\n<span itemprop=\"postalCode\">375012<\/span>,<br \/>\n        <span itemprop=\"addressLocality\">Erev\u00e1n<\/span>,<br \/>\n        <span itemprop=\"streetAddress\">Calle Vagarshian, 19<\/span>\n<\/td>\n<td>3(741) 22-08-66<\/td>\n<\/tr>\n<tr>\n<td>2<\/td>\n<td>Departamento Territorial \u00abPalacio de Bodas\u00bb de la Agencia de Registro Civil del Ministerio de Justicia de la RA<\/td>\n<td>\n<span itemprop=\"postalCode\">375025<\/span>,<br \/>\n        <span itemprop=\"addressLocality\">Erev\u00e1n<\/span>,<br \/>\n        <span itemprop=\"streetAddress\">Calle Saralandzhi, 1<\/span>\n<\/td>\n<td>3(741)54-44-31<\/td>\n<\/tr>\n<tr>\n<td>3<\/td>\n<td>Departamento Territorial de Servicio Especial de Erev\u00e1n de la Agencia de Registro Civil del Ministerio de Justicia de la RA<\/td>\n<td>\n<span itemprop=\"postalCode\">375023<\/span>,<br \/>\n        <span itemprop=\"addressLocality\">Erev\u00e1n<\/span>,<br \/>\n        <span itemprop=\"streetAddress\">Calle Arshakuniats, 18<\/span>\n<\/td>\n<td>3(741) 54-42-82<\/td>\n<\/tr>\n<tr>\n<td>4<\/td>\n<td>Departamento Territorial de Registro Civil de Kentron y Nork-Marash<\/td>\n<td>\n<span itemprop=\"postalCode\">375002<\/span>,<br \/>\n        <span itemprop=\"addressLocality\">Erev\u00e1n<\/span>,<br \/>\n        <span itemprop=\"streetAddress\">Calle Sarian, 24<\/span>\n<\/td>\n<td>3(741) 56-19-25<\/td>\n<\/tr>\n<tr>\n<td>5<\/td>\n<td>Departamento Territorial de Registro Civil de Avan y Nor-Nork<\/td>\n<td>\n<span itemprop=\"postalCode\">375112<\/span>,<br \/>\n        <span itemprop=\"addressLocality\">Erev\u00e1n<\/span>,<br \/>\n        <span itemprop=\"streetAddress\">Calle Gai, 19<\/span>\n<\/td>\n<td>3(741) 64-68-58<\/td>\n<\/tr>\n<tr>\n<td>6<\/td>\n<td>Departamento Territorial de Registro Civil de Arabkir<\/td>\n<td>\n<span itemprop=\"postalCode\">375012<\/span>,<br \/>\n        <span itemprop=\"addressLocality\">Erev\u00e1n<\/span>,<br \/>\n        <span itemprop=\"streetAddress\">Calle Komitas, 56<\/span>\n<\/td>\n<td>3(741) 23-45-36<\/td>\n<\/tr>\n<tr>\n<td>7<\/td>\n<td>Departamento Territorial de Registro Civil de Kanaker-Zeytun<\/td>\n<td>\n<span itemprop=\"postalCode\">375014<\/span>,<br \/>\n        <span itemprop=\"addressLocality\">Erev\u00e1n<\/span>,<br \/>\n        <span itemprop=\"streetAddress\">Calle Agharonian, 3<\/span>\n<\/td>\n<td>3(741) 23-90-28<\/td>\n<\/tr>\n<tr>\n<td>8<\/td>\n<td>Departamento Territorial de Registro Civil de Erebuni y Nubarashen<\/td>\n<td>\n<span itemprop=\"postalCode\">375015<\/span>,<br \/>\n        <span itemprop=\"addressLocality\">Erev\u00e1n<\/span>,<br \/>\n        <span itemprop=\"streetAddress\">Calle M. Khorenatsi, 163a<\/span>\n<\/td>\n<td>3(741) 57-49-72, 57-02-12<\/td>\n<\/tr>\n<tr>\n<td>9<\/td>\n<td>Departamento Territorial de Registro Civil de Shengavit<\/td>\n<td>\n<span itemprop=\"postalCode\">375100<\/span>,<br \/>\n        <span itemprop=\"addressLocality\">Erev\u00e1n<\/span>,<br \/>\n        <span itemprop=\"streetAddress\">Calle Egpairutian, 9<\/span>\n<\/td>\n<td>3(741)42-00-11<\/td>\n<\/tr>\n<tr>\n<td>10<\/td>\n<td>Departamento Territorial de Registro Civil de Malatia-Sebastia<\/td>\n<td>\n<span itemprop=\"postalCode\">375065<\/span>,<br \/>\n        <span itemprop=\"addressLocality\">Erev\u00e1n<\/span>,<br \/>\n        <span itemprop=\"streetAddress\">Calle Sebastia, 18<\/span>\n<\/td>\n<td>3(741) 74-20-36<\/td>\n<\/tr>\n<tr>\n<td>11<\/td>\n<td>Departamento Territorial de Registro Civil de Ajapnyak y Davtashen<\/td>\n<td>\n<span itemprop=\"postalCode\">375099<\/span>,<br \/>\n        <span itemprop=\"addressLocality\">Erev\u00e1n<\/span>,<br \/>\n        <span itemprop=\"streetAddress\">Calle Leningradi\u00e1n, 38<\/span>\n<\/td>\n<td>3(741) 39-34-87<\/td>\n<\/tr>\n<tr>\n<td>12<\/td>\n<td>Departamento Territorial de Registro Civil de Ashtarak<\/td>\n<td>\n<span itemprop=\"postalCode\">378410<\/span>,<br \/>\n        <span itemprop=\"addressLocality\">Ashtarak<\/span>,<br \/>\n        <span itemprop=\"streetAddress\">Carretera de Echmiadzin, 65<\/span>\n<\/td>\n<td>3(7432) 3-32-95<\/td>\n<\/tr>\n<tr>\n<td>13<\/td>\n<td>Departamento Territorial de Registro Civil de Aparan<\/td>\n<td>\n<span itemprop=\"postalCode\">378450<\/span>,<br \/>\n        <span itemprop=\"addressLocality\">Aparan<\/span>,<br \/>\n        <span itemprop=\"streetAddress\">Calle Baghramian, 26<\/span>\n<\/td>\n<td>3(74520) 52-57<\/td>\n<\/tr>\n<tr>\n<td>14<\/td>\n<td>Departamento Territorial de Registro Civil de Talin<\/td>\n<td>\n<span itemprop=\"postalCode\">377730<\/span>,<br \/>\n        <span itemprop=\"addressLocality\">Talin<\/span>,<br \/>\n        <span itemprop=\"streetAddress\">Calle Khanjan, 11<\/span>\n<\/td>\n<td>3(74490) 24-77<\/td>\n<\/tr>\n<tr>\n<td>15<\/td>\n<td>Departamento Territorial de Registro Civil de Aragats<\/td>\n<td>\n<span itemprop=\"addressLocality\">Pueblo de Tsakhkaovit<\/span>\n<\/td>\n<td>3(74570) 21-72<\/td>\n<\/tr>\n<tr>\n<td>16<\/td>\n<td>Departamento Territorial de Registro Civil de Artashat<\/td>\n<td>\n<span itemprop=\"postalCode\">378240<\/span>,<br \/>\n        <span itemprop=\"addressLocality\">Artashat<\/span>,<br \/>\n        <span itemprop=\"streetAddress\">Calle 23 de Agosto, 64<\/span>\n<\/td>\n<td>3(7435) 2-23-42<\/td>\n<\/tr>\n<tr>\n<td>17<\/td>\n<td>Departamento Territorial de Registro Civil de Ararat<\/td>\n<td>\n<span itemprop=\"postalCode\">378222<\/span>,<br \/>\n        <span itemprop=\"addressLocality\">Ararat<\/span>,<br \/>\n        <span itemprop=\"streetAddress\">Calle Shaumian, 34<\/span>\n<\/td>\n<td>3(7438)4-16-65<\/td>\n<\/tr>\n<tr>\n<td>18<\/td>\n<td>Departamento Territorial de Registro Civil de Masis<\/td>\n<td>\n<span itemprop=\"postalCode\">378334<\/span>,<br \/>\n        <span itemprop=\"addressLocality\">Masis<\/span>,<br \/>\n        <span itemprop=\"streetAddress\">Centro<\/span>\n<\/td>\n<td>3(7436) 4-02-32<\/td>\n<\/tr>\n<tr>\n<td>19<\/td>\n<td>Departamento Territorial de Registro Civil de Vedi<\/td>\n<td>\n<span itemprop=\"postalCode\">378210<\/span>,<br \/>\n        <span itemprop=\"addressLocality\">Vedi<\/span>,<br \/>\n        <span itemprop=\"streetAddress\">Calle Araratian, 55<\/span>\n<\/td>\n<td>3(7434)2-38-58<\/td>\n<\/tr>\n<tr>\n<td>20<\/td>\n<td>Departamento Territorial de Registro Civil de Armavir<\/td>\n<td>\n<span itemprop=\"postalCode\">377760<\/span>,<br \/>\n        <span itemprop=\"addressLocality\">Armavir<\/span>,<br \/>\n        <span itemprop=\"streetAddress\">Calle Anrapetutian, 21<\/span>\n<\/td>\n<td>3(7437)6-21-43<\/td>\n<\/tr>\n<tr>\n<td>21<\/td>\n<td>Departamento Territorial de Registro Civil de Vagharshapat<\/td>\n<td>\n<span itemprop=\"postalCode\">378310<\/span>,<br \/>\n        <span itemprop=\"addressLocality\">Vagharshapat<\/span>,<br \/>\n        <span itemprop=\"streetAddress\">Calle M. Mashtots, 1<\/span>\n<\/td>\n<td>3(7431)5-36-25<\/td>\n<\/tr>\n<tr>\n<td>22<\/td>\n<td>Departamento Territorial de Registro Civil de Gavar<\/td>\n<td>\n<span itemprop=\"postalCode\">378630<\/span>,<br \/>\n        <span itemprop=\"addressLocality\">Gavar<\/span>,<br \/>\n        <span itemprop=\"streetAddress\">Calle Gr. Lusavorich, 63<\/span>\n<\/td>\n<td>3(7464)2-23-61<\/td>\n<\/tr>\n<tr>\n<td>23<\/td>\n<td>Departamento Territorial de Registro Civil de Chambarak<\/td>\n<td>\n<span itemprop=\"addressLocality\">Chambarak<\/span>,<br \/>\n        <span itemprop=\"streetAddress\">Calle Gareguin Nzhde, 1<\/span>\n<\/td>\n<td>\u2014<\/td>\n<\/tr>\n<tr>\n<td>24<\/td>\n<td>Departamento Territorial de Registro Civil de Martuni<\/td>\n<td>\n<span itemprop=\"postalCode\">378710<\/span>,<br \/>\n        <span itemprop=\"addressLocality\">Martuni<\/span>,<br \/>\n        <span itemprop=\"streetAddress\">Calle Shaumian, 12<\/span>\n<\/td>\n<td>3(7462)4-10-92<\/td>\n<\/tr>\n<tr>\n<td>25<\/td>\n<td>Departamento Territorial de Registro Civil de Sevan<\/td>\n<td>\n<span itemprop=\"postalCode\">378610<\/span>,<br \/>\n        <span itemprop=\"addressLocality\">Sevan<\/span>,<br \/>\n        <span itemprop=\"streetAddress\">Calle Nairian, 164<\/span>\n<\/td>\n<td>3(7461)2-06-47<\/td>\n<\/tr>\n<tr>\n<td>26<\/td>\n<td>Departamento Territorial de Registro Civil de Vardenis<\/td>\n<td>\n<span itemprop=\"postalCode\">378810<\/span>,<br \/>\n        <span itemprop=\"addressLocality\">Vardenis<\/span>,<br \/>\n        <span itemprop=\"streetAddress\">Calle Eritasardutian, 4<\/span>\n<\/td>\n<td>3(7469)2-21-01<\/td>\n<\/tr>\n<tr>\n<td>27<\/td>\n<td>Departamento Territorial de Registro Civil de Vanadzor<\/td>\n<td>\n<span itemprop=\"postalCode\">377200<\/span>,<br \/>\n        <span itemprop=\"addressLocality\">Vanadzor<\/span>,<br \/>\n        <span itemprop=\"streetAddress\">Calle Zoravar Andranik, 2<\/span>\n<\/td>\n<td>3(7451)5-58-84<\/td>\n<\/tr>\n<tr>\n<td>28<\/td>\n<td>Departamento Territorial de Registro Civil de Tumanyan<\/td>\n<td>\n<span itemprop=\"postalCode\">377130<\/span>,<br \/>\n        <span itemprop=\"addressLocality\">Alaverdi<\/span>,<br \/>\n        <span itemprop=\"streetAddress\">Calle Zoravar Andranik, 8a<\/span>\n<\/td>\n<td>3(7453)2-24-89<\/td>\n<\/tr>\n<tr>\n<td>29<\/td>\n<td>Departamento Territorial de Registro Civil de Stepanavan<\/td>\n<td>\n<span itemprop=\"postalCode\">377320<\/span>,<br \/>\n        <span itemprop=\"addressLocality\">Stepanavan<\/span>,<br \/>\n        <span itemprop=\"streetAddress\">Calle Megapart, 8<\/span>\n<\/td>\n<td>3(7456) 2-22-63<\/td>\n<\/tr>\n<tr>\n<td>30<\/td>\n<td>Departamento Territorial de Registro Civil de Spitak<\/td>\n<td>\n<span itemprop=\"postalCode\">377410<\/span>,<br \/>\n        <span itemprop=\"addressLocality\">Spitak<\/span>,<br \/>\n        <span itemprop=\"streetAddress\">Calle Shaumian, 7<\/span>\n<\/td>\n<td>3(7455) 2-25-63<\/td>\n<\/tr>\n<tr>\n<td>31<\/td>\n<td>Departamento Territorial de Registro Civil de Tashir<\/td>\n<td>\n<span itemprop=\"postalCode\">377340<\/span>,<br \/>\n        <span itemprop=\"addressLocality\">Tashir<\/span>,<br \/>\n        <span itemprop=\"streetAddress\">Calle Lenin, 49<\/span>\n<\/td>\n<td>3(7454) 2-20-09<\/td>\n<\/tr>\n<tr>\n<td>32<\/td>\n<td>Departamento Territorial de Registro Civil de Razdan<\/td>\n<td>\n<span itemprop=\"postalCode\">378550<\/span>,<br \/>\n        <span itemprop=\"addressLocality\">Razdan<\/span>,<br \/>\n        <span itemprop=\"streetAddress\">Centro, 45<\/span>\n<\/td>\n<td>3(7423) 2-04-17<\/td>\n<\/tr>\n<tr>\n<td>33<\/td>\n<td>Departamento Territorial de Registro Civil de Abovyan<\/td>\n<td>\n<span itemprop=\"postalCode\">378510<\/span>,<br \/>\n        <span itemprop=\"addressLocality\">Abovyan<\/span>,<br \/>\n        <span itemprop=\"streetAddress\">Calle Barekamutian, 1<\/span>\n<\/td>\n<td>3(7422) 2-03-69<\/td>\n<\/tr>\n<tr>\n<td>34<\/td>\n<td>Departamento Territorial de Registro Civil de Egvard<\/td>\n<td>\n<span itemprop=\"postalCode\">378414<\/span>,<br \/>\n        <span itemprop=\"addressLocality\">Egvard<\/span>,<br \/>\n        <span itemprop=\"streetAddress\">Calle Erevanian, 1<\/span>\n<\/td>\n<td>3(7424)2-15-72<\/td>\n<\/tr>\n<tr>\n<td>35<\/td>\n<td>Departamento Territorial de Registro Civil de Charentsavan<\/td>\n<td>\n<span itemprop=\"postalCode\">378562<\/span>,<br \/>\n        <span itemprop=\"addressLocality\">Charentsavan<\/span>,<br \/>\n        <span itemprop=\"streetAddress\">Plaza K. Demirchian, edificio del ayuntamiento<\/span>\n<\/td>\n<td>3(7426) 4-26-59<\/td>\n<\/tr>\n<tr>\n<td>36<\/td>\n<td>Departamento Territorial de Registro Civil de Gyumri<\/td>\n<td>\n<span itemprop=\"postalCode\">377500<\/span>,<br \/>\n        <span itemprop=\"addressLocality\">Gyumri<\/span>,<br \/>\n        <span itemprop=\"streetAddress\">Calle N. Ryzhkov, 4<\/span>\n<\/td>\n<td>3(7441) 2-32-29<\/td>\n<\/tr>\n<tr>\n<td>37<\/td>\n<td>Departamento Territorial de Registro Civil de Akhuryan<\/td>\n<td>\n<span itemprop=\"addressLocality\">Pueblo de Akhuryan<\/span>,<br \/>\n        <span itemprop=\"streetAddress\">edificio de la comunidad rural<\/span>\n<\/td>\n<td>3(7441)4-30-12<\/td>\n<\/tr>\n<tr>\n<td>38<\/td>\n<td>Departamento Territorial de Registro Civil de Amasia<\/td>\n<td>\n<span itemprop=\"addressLocality\">Pueblo de Amasia<\/span>,<br \/>\n        <span itemprop=\"streetAddress\">edificio de la comunidad rural<\/span>\n<\/td>\n<td>3(74460)29-51<\/td>\n<\/tr>\n<tr>\n<td>39<\/td>\n<td>Departamento Territorial de Registro Civil de Ashotsk<\/td>\n<td>\n<span itemprop=\"addressLocality\">Pueblo de Ashotsk<\/span>\n<\/td>\n<td>3(7445) 2-13-17<\/td>\n<\/tr>\n<tr>\n<td>40<\/td>\n<td>Departamento Territorial de Registro Civil de Artik<\/td>\n<td>\n<span itemprop=\"postalCode\">377610<\/span>,<br \/>\n        <span itemprop=\"addressLocality\">Artik<\/span>,<br \/>\n        <span itemprop=\"streetAddress\">Calle Gareguin Nzhde, 3<\/span>\n<\/td>\n<td>3(7444) 5-14-98<\/td>\n<\/tr>\n<tr>\n<td>41<\/td>\n<td>Departamento Territorial de Registro Civil de Maralik<\/td>\n<td>\n<span itemprop=\"postalCode\">377640<\/span>,<br \/>\n        <span itemprop=\"addressLocality\">Maralik<\/span>,<br \/>\n        <span itemprop=\"streetAddress\">Calle Madatian, 5<\/span>\n<\/td>\n<td>3(7442) 2-29-71<\/td>\n<\/tr>\n<tr>\n<td>42<\/td>\n<td>Departamento Territorial de Registro Civil de Kapan<\/td>\n<td>\n<span itemprop=\"postalCode\">377810<\/span>,<br \/>\n        <span itemprop=\"addressLocality\">Kapan<\/span>,<br \/>\n        <span itemprop=\"streetAddress\">Calle Melik Stepanyan, 1<\/span>\n<\/td>\n<td>3(7485) 6-39-74<\/td>\n<\/tr>\n<tr>\n<td>43<\/td>\n<td>Departamento Territorial de Registro Civil de Goris<\/td>\n<td>\n<span itemprop=\"postalCode\">377830<\/span>,<br \/>\n        <span itemprop=\"addressLocality\">Goris<\/span>,<br \/>\n        <span itemprop=\"streetAddress\">Calle Mashtots, 5<\/span>\n<\/td>\n<td>3(7484)2-11-37<\/td>\n<\/tr>\n<tr>\n<td>44<\/td>\n<td>Departamento Territorial de Registro Civil de Meghri<\/td>\n<td>\n<span itemprop=\"postalCode\">377910<\/span>,<br \/>\n        <span itemprop=\"addressLocality\">Meghri<\/span>,<br \/>\n        <span itemprop=\"streetAddress\">Calle Zoravar Andranik, 1<\/span>\n<\/td>\n<td>3(74860)28-41<\/td>\n<\/tr>\n<p>&lt;tr<\/tbody>\n<\/table>\n<\/figure>\n","protected":false},"excerpt":{"rendered":"<p>\u2116 Nombre del organismo Direcci\u00f3n Tel\u00e9fono 1 Archivo Republicano de la Agencia de Registro Civil del Ministerio de Justicia de la RA 375012, Erev\u00e1n, Calle Vagarshian, 19 3(741) 22-08-66 2 Departamento Territorial \u00abPalacio de Bodas\u00bb de la Agencia de Registro Civil del Ministerio de Justicia de la RA 375025, Erev\u00e1n, Calle Saralandzhi, 1 3(741)54-44-31 3 &#8230; <a title=\"Direcciones y tel\u00e9fonos de las oficinas del registro civil en Armenia\" class=\"read-more\" href=\"https:\/\/documents.am\/es\/direcciones-y-telefonos-de-las-oficinas-del-registro-civil-en-armenia\/\" aria-label=\"Leer m\u00e1s sobre Direcciones y tel\u00e9fonos de las oficinas del registro civil en Armenia\">Leer m\u00e1s<\/a><\/p>\n","protected":false},"author":1,"featured_media":0,"parent":0,"menu_order":0,"comment_status":"closed","ping_status":"closed","template":"","meta":{"_acf_changed":false,"footnotes":""},"yst_prominent_words":[],"class_list":["post-6","page","type-page","status-publish"],"acf":[],"_links":{"self":[{"href":"https:\/\/documents.am\/es\/wp-json\/wp\/v2\/pages\/6","targetHints":{"allow":["GET"]}}],"collection":[{"href":"https:\/\/documents.am\/es\/wp-json\/wp\/v2\/pages"}],"about":[{"href":"https:\/\/documents.am\/es\/wp-json\/wp\/v2\/types\/page"}],"author":[{"embeddable":true,"href":"https:\/\/documents.am\/es\/wp-json\/wp\/v2\/users\/1"}],"replies":[{"embeddable":true,"href":"https:\/\/documents.am\/es\/wp-json\/wp\/v2\/comments?post=6"}],"version-history":[{"count":0,"href":"https:\/\/documents.am\/es\/wp-json\/wp\/v2\/pages\/6\/revisions"}],"wp:attachment":[{"href":"https:\/\/documents.am\/es\/wp-json\/wp\/v2\/media?parent=6"}],"wp:term":[{"taxonomy":"yst_prominent_words","embeddable":true,"href":"https:\/\/documents.am\/es\/wp-json\/wp\/v2\/yst_prominent_words?post=6"}],"curies":[{"name":"wp","href":"https:\/\/api.w.org\/{rel}","templated":true}]}}