{"id":2,"date":"2025-04-01T20:49:42","date_gmt":"2025-04-01T17:49:42","guid":{"rendered":"https:\/\/documents.am\/es\/?page_id=2"},"modified":"2026-02-25T23:44:22","modified_gmt":"2026-02-25T20:44:22","slug":"sample-page","status":"publish","type":"page","link":"https:\/\/documents.am\/es\/sample-page\/","title":{"rendered":"P\u00e1gina de Ejemplo"},"content":{"rendered":"<p>Esta es una p\u00e1gina de ejemplo. Es diferente de una entrada de blog porque permanecer\u00e1 en un solo lugar y aparecer\u00e1 en la navegaci\u00f3n de su sitio (en la mayor\u00eda de los temas). La mayor\u00eda de la gente comienza con una p\u00e1gina \u00abAcerca de\u00bb que se presenta a los visitantes potenciales del sitio. Podr\u00eda decir algo como esto:<\/p>\n<blockquote class=\"wp-block-quote is-layout-flow wp-block-quote-is-layout-flow\">\n<p>\u00a1Hola! De d\u00eda soy mensajero en bicicleta, de noche aspirante a actor, y este es mi sitio web. Vivo en Los \u00c1ngeles, tengo un perro genial llamado Jack y me gustan las pi\u00f1as coladas. (Y que me sorprenda la lluvia).<\/p>\n<\/blockquote>\n<p>\u2026o algo como esto:<\/p>\n<blockquote class=\"wp-block-quote is-layout-flow wp-block-quote-is-layout-flow\">\n<p>La empresa XYZ Doohickey se fund\u00f3 en 1971 y desde entonces ha proporcionado artilugios de calidad al p\u00fablico. Ubicada en Ciudad G\u00f3tica, XYZ emplea a m\u00e1s de 2.000 personas y hace todo tipo de cosas incre\u00edbles para la comunidad de Gotham.<\/p>\n<\/blockquote>\n<p>Como nuevo usuario de WordPress, debe ir a <a href=\"https:\/\/documents.am\/wp-admin\/\">su panel de control<\/a> para eliminar esta p\u00e1gina y crear nuevas p\u00e1ginas para su contenido. \u00a1Que se divierta!<\/p>\n","protected":false},"excerpt":{"rendered":"<p>Esta es una p\u00e1gina de ejemplo. Es diferente de una entrada de blog porque permanecer\u00e1 en un solo lugar y aparecer\u00e1 en la navegaci\u00f3n de su sitio (en la mayor\u00eda de los temas). La mayor\u00eda de la gente comienza con una p\u00e1gina \u00abAcerca de\u00bb que se presenta a los visitantes potenciales del sitio. Podr\u00eda decir &#8230; <a title=\"P\u00e1gina de Ejemplo\" class=\"read-more\" href=\"https:\/\/documents.am\/es\/sample-page\/\" aria-label=\"Leer m\u00e1s sobre P\u00e1gina de Ejemplo\">Leer m\u00e1s<\/a><\/p>\n","protected":false},"author":1,"featured_media":0,"parent":0,"menu_order":0,"comment_status":"closed","ping_status":"open","template":"","meta":{"_acf_changed":false,"footnotes":""},"yst_prominent_words":[],"class_list":["post-2","page","type-page","status-publish"],"acf":[],"_links":{"self":[{"href":"https:\/\/documents.am\/es\/wp-json\/wp\/v2\/pages\/2","targetHints":{"allow":["GET"]}}],"collection":[{"href":"https:\/\/documents.am\/es\/wp-json\/wp\/v2\/pages"}],"about":[{"href":"https:\/\/documents.am\/es\/wp-json\/wp\/v2\/types\/page"}],"author":[{"embeddable":true,"href":"https:\/\/documents.am\/es\/wp-json\/wp\/v2\/users\/1"}],"replies":[{"embeddable":true,"href":"https:\/\/documents.am\/es\/wp-json\/wp\/v2\/comments?post=2"}],"version-history":[{"count":1,"href":"https:\/\/documents.am\/es\/wp-json\/wp\/v2\/pages\/2\/revisions"}],"predecessor-version":[{"id":5,"href":"https:\/\/documents.am\/es\/wp-json\/wp\/v2\/pages\/2\/revisions\/5"}],"wp:attachment":[{"href":"https:\/\/documents.am\/es\/wp-json\/wp\/v2\/media?parent=2"}],"wp:term":[{"taxonomy":"yst_prominent_words","embeddable":true,"href":"https:\/\/documents.am\/es\/wp-json\/wp\/v2\/yst_prominent_words?post=2"}],"curies":[{"name":"wp","href":"https:\/\/api.w.org\/{rel}","templated":true}]}}